{"id":1093,"date":"2014-03-01T17:30:13","date_gmt":"2014-03-01T17:30:13","guid":{"rendered":"http:\/\/www.taekwondo-kufstein.com\/?page_id=1093"},"modified":"2015-07-07T14:17:34","modified_gmt":"2015-07-07T14:17:34","slug":"gurtelfarben","status":"publish","type":"page","link":"https:\/\/www.taekwondo-kufstein.com\/?page_id=1093","title":{"rendered":"G\u00fcrtelfarben"},"content":{"rendered":"<h2>Sch\u00fcler<\/h2>\n<table>\n<tbody>\n<tr style=\"background-color: lightcyan;\">\n<td><strong>Kup<\/strong><\/td>\n<td><strong>G\u00fcrtelfarbe<\/strong><\/td>\n<\/tr>\n<tr>\n<td>Anf\u00e4nger<\/td>\n<td>wei\u00df<\/td>\n<\/tr>\n<tr style=\"background-color: yellow;\">\n<td>10. Kup<\/td>\n<td>gelb<\/td>\n<\/tr>\n<tr style=\"background-color: yellow;\">\n<td>9. Kup<\/td>\n<td>gelb<\/td>\n<\/tr>\n<tr style=\"background-color: green;\">\n<td>8. Kup<\/td>\n<td>gr\u00fcn<\/td>\n<\/tr>\n<tr style=\"background-color: green;\">\n<td>7. Kup<\/td>\n<td>gr\u00fcn<\/td>\n<\/tr>\n<tr style=\"background-color: blue;\">\n<td>6. Kup<\/td>\n<td>blau<\/td>\n<\/tr>\n<tr style=\"background-color: blue;\">\n<td>5. Kup<\/td>\n<td>blau<\/td>\n<\/tr>\n<tr style=\"background-color: brown;\">\n<td>4. Kup<\/td>\n<td>braun<\/td>\n<\/tr>\n<tr style=\"background-color: brown;\">\n<td>3. Kup<\/td>\n<td>braun<\/td>\n<\/tr>\n<tr style=\"background-color: red;\">\n<td>2. Kup<\/td>\n<td>rot<\/td>\n<\/tr>\n<tr style=\"background-color: red;\">\n<td>1. Kup<\/td>\n<td>rot<\/td>\n<\/tr>\n<\/tbody>\n<\/table>\n<h2>POOM (Kinder \/ Jugendliche)<\/h2>\n<table>\n<tbody>\n<tr style=\"background-color: lightcyan;\">\n<td><strong>Poom<\/strong><\/td>\n<td><strong>G\u00fcrtelfarbe<\/strong><\/td>\n<\/tr>\n<tr>\n<td style=\"background-color: red;\"><span style=\"color: #ffffff;\">1. bis 3. Poom<\/span><\/td>\n<td style=\"background-color: black;\"><span style=\"color: #ffffff;\">rot-schwarz l\u00e4ngsgestreift<\/span><\/td>\n<\/tr>\n<\/tbody>\n<\/table>\n<h2><\/h2>\n<h2>DAN (Erwachsene)<\/h2>\n<table>\n<tbody>\n<tr style=\"background-color: lightcyan;\">\n<td><strong>DAN<\/strong><\/td>\n<td><strong>G\u00fcrtelfarbe<\/strong><\/td>\n<\/tr>\n<tr style=\"background-color: black;\">\n<td><span style=\"color: #ffffff;\">1. bis 10. Dan<\/span><\/td>\n<td><span style=\"color: #ffffff;\">schwarz<\/span><\/td>\n<\/tr>\n<tr style=\"background-color: black;\">\n<td><span style=\"color: #ffffff;\">7. bis 10. Dan<\/span><\/td>\n<td><span style=\"color: #ffffff;\">schwarz &#8211; durch Kukkiwon verliehen<\/span><\/td>\n<\/tr>\n<\/tbody>\n<\/table>\n","protected":false},"excerpt":{"rendered":"<p>Sch\u00fcler Kup G\u00fcrtelfarbe Anf\u00e4nger wei\u00df 10. Kup gelb 9. Kup gelb 8. Kup gr\u00fcn 7. Kup gr\u00fcn 6. Kup blau 5. Kup blau 4. Kup braun 3. Kup braun 2. Kup rot 1. Kup rot POOM (Kinder \/ Jugendliche) Poom G\u00fcrtelfarbe 1. bis 3. Poom rot-schwarz l\u00e4ngsgestreift DAN (Erwachsene) DAN G\u00fcrtelfarbe 1. bis 10. Dan [&hellip;]<\/p>\n","protected":false},"author":2,"featured_media":0,"parent":1078,"menu_order":0,"comment_status":"open","ping_status":"open","template":"","meta":{"footnotes":""},"_links":{"self":[{"href":"https:\/\/www.taekwondo-kufstein.com\/index.php?rest_route=\/wp\/v2\/pages\/1093"}],"collection":[{"href":"https:\/\/www.taekwondo-kufstein.com\/index.php?rest_route=\/wp\/v2\/pages"}],"about":[{"href":"https:\/\/www.taekwondo-kufstein.com\/index.php?rest_route=\/wp\/v2\/types\/page"}],"author":[{"embeddable":true,"href":"https:\/\/www.taekwondo-kufstein.com\/index.php?rest_route=\/wp\/v2\/users\/2"}],"replies":[{"embeddable":true,"href":"https:\/\/www.taekwondo-kufstein.com\/index.php?rest_route=%2Fwp%2Fv2%2Fcomments&post=1093"}],"version-history":[{"count":10,"href":"https:\/\/www.taekwondo-kufstein.com\/index.php?rest_route=\/wp\/v2\/pages\/1093\/revisions"}],"predecessor-version":[{"id":1236,"href":"https:\/\/www.taekwondo-kufstein.com\/index.php?rest_route=\/wp\/v2\/pages\/1093\/revisions\/1236"}],"up":[{"embeddable":true,"href":"https:\/\/www.taekwondo-kufstein.com\/index.php?rest_route=\/wp\/v2\/pages\/1078"}],"wp:attachment":[{"href":"https:\/\/www.taekwondo-kufstein.com\/index.php?rest_route=%2Fwp%2Fv2%2Fmedia&parent=1093"}],"curies":[{"name":"wp","href":"https:\/\/api.w.org\/{rel}","templated":true}]}}