{"id":7,"date":"2011-04-11T19:57:36","date_gmt":"2011-04-11T19:57:36","guid":{"rendered":"http:\/\/www.taekwondo-kufstein.com\/wp\/?page_id=7"},"modified":"2021-09-13T18:45:43","modified_gmt":"2021-09-13T18:45:43","slug":"home","status":"publish","type":"page","link":"https:\/\/www.taekwondo-kufstein.com\/?page_id=7","title":{"rendered":"Der Taekwondo-Verein Kufstein hat eine lange Tradition im Kufsteiner Vereinswesen"},"content":{"rendered":"<div id=\"attachment_1026\" style=\"width: 620px\" class=\"wp-caption aligncenter\"><img aria-describedby=\"caption-attachment-1026\" decoding=\"async\" loading=\"lazy\" class=\"size-large wp-image-1026\" src=\"https:\/\/www.taekwondo-kufstein.com\/wp-content\/uploads\/Sportlerehrung_Taekwondo-Show-57-Version-2-1024x731.jpg\" alt=\"Taekwondo-Show bei der Sportlerehrung 2013\" width=\"610\" height=\"435\" srcset=\"https:\/\/www.taekwondo-kufstein.com\/wp-content\/uploads\/Sportlerehrung_Taekwondo-Show-57-Version-2-1024x731.jpg 1024w, https:\/\/www.taekwondo-kufstein.com\/wp-content\/uploads\/Sportlerehrung_Taekwondo-Show-57-Version-2-300x214.jpg 300w, https:\/\/www.taekwondo-kufstein.com\/wp-content\/uploads\/Sportlerehrung_Taekwondo-Show-57-Version-2-900x642.jpg 900w, https:\/\/www.taekwondo-kufstein.com\/wp-content\/uploads\/Sportlerehrung_Taekwondo-Show-57-Version-2.jpg 1047w\" sizes=\"(max-width: 610px) 100vw, 610px\" \/><p id=\"caption-attachment-1026\" class=\"wp-caption-text\">Taekwondo-Show bei der Sportlerehrung 2013<\/p><\/div>\n<p style=\"text-align: left;\">Seit mehr als 30 Jahren werden interessierte Sportler von engagierten Trainern in die Geheimnisse dieser faszinierenden koreanischen Sportart unterwiesen.<\/p>\n<p><span style=\"text-align: justify; line-height: 1.5;\">Zweimal pro Jahr finden in den Trainingshallen Pr\u00fcfungen statt &#8211; als Pr\u00fcfer fungiert hier jeweils ein externer Pr\u00fcfer um die Qualit\u00e4t der Pr\u00fcfungen sicherzustellen.<\/span><\/p>\n<p><!-- Place this tag where you want the +1 button to render. --><\/p>\n","protected":false},"excerpt":{"rendered":"<p>Seit mehr als 30 Jahren werden interessierte Sportler von engagierten Trainern in die Geheimnisse dieser faszinierenden koreanischen Sportart unterwiesen. Zweimal pro Jahr finden in den Trainingshallen Pr\u00fcfungen statt &#8211; als Pr\u00fcfer fungiert hier jeweils ein externer Pr\u00fcfer um die Qualit\u00e4t der Pr\u00fcfungen sicherzustellen.<\/p>\n","protected":false},"author":2,"featured_media":0,"parent":0,"menu_order":0,"comment_status":"closed","ping_status":"closed","template":"","meta":{"footnotes":""},"_links":{"self":[{"href":"https:\/\/www.taekwondo-kufstein.com\/index.php?rest_route=\/wp\/v2\/pages\/7"}],"collection":[{"href":"https:\/\/www.taekwondo-kufstein.com\/index.php?rest_route=\/wp\/v2\/pages"}],"about":[{"href":"https:\/\/www.taekwondo-kufstein.com\/index.php?rest_route=\/wp\/v2\/types\/page"}],"author":[{"embeddable":true,"href":"https:\/\/www.taekwondo-kufstein.com\/index.php?rest_route=\/wp\/v2\/users\/2"}],"replies":[{"embeddable":true,"href":"https:\/\/www.taekwondo-kufstein.com\/index.php?rest_route=%2Fwp%2Fv2%2Fcomments&post=7"}],"version-history":[{"count":53,"href":"https:\/\/www.taekwondo-kufstein.com\/index.php?rest_route=\/wp\/v2\/pages\/7\/revisions"}],"predecessor-version":[{"id":1397,"href":"https:\/\/www.taekwondo-kufstein.com\/index.php?rest_route=\/wp\/v2\/pages\/7\/revisions\/1397"}],"wp:attachment":[{"href":"https:\/\/www.taekwondo-kufstein.com\/index.php?rest_route=%2Fwp%2Fv2%2Fmedia&parent=7"}],"curies":[{"name":"wp","href":"https:\/\/api.w.org\/{rel}","templated":true}]}}