{"id":73,"date":"2011-04-16T16:41:10","date_gmt":"2011-04-16T16:41:10","guid":{"rendered":"http:\/\/www.taekwondo-kufstein.com\/wp\/?page_id=73"},"modified":"2016-02-26T14:14:59","modified_gmt":"2016-02-26T14:14:59","slug":"die-geschichte-des-taekwon-do","status":"publish","type":"page","link":"https:\/\/www.taekwondo-kufstein.com\/?page_id=73","title":{"rendered":"Die Geschichte des Taekwondo"},"content":{"rendered":"<p>Taekwon-Do ist eine alte koreanische Kampfkunst. Seine Wurzeln gehen auf die Zeit zur\u00fcck als Korea noch aus drei K\u00f6nigreichen bestand: im Norden\u00a0<em>Goguryeo <\/em>, im Westen\u00a0<em>Baekje<\/em> und im S\u00fcdosten\u00a0<em>Silla<\/em>. In Silla war der Orden der\u00a0Hwarang ans\u00e4ssig. Dieser Orden \u00fcbte sich auch in den kriegerischen K\u00fcnsten &#8211; darunter vermutlich auch\u00a0<em>Subak <\/em>.<\/p>\n<p>Aus Subak entwickelte sich mit der Zeit\u00a0<em>Tak-gyeon<\/em> welches bis zur Besatzung durch die Japaner vom einfachen Volk ausge\u00fcbt wurde. W\u00e4hrend der Besatzungszeit geriet\u00a0<em>Tak-gyeon<\/em>\u00a0fast\u00a0in Vergessenheit und verschwand beinahe. Interessant an\u00a0<em>Tak-gyeon<\/em> ist vor allem der Umstand, dass diese Kampfkunst einzigartig im asiatischen Raum war.<\/p>\n<p>Vielfach tauchen im Internet bzw. anderen Publikationen Abbildungen von K\u00e4mpfern auf Wandmalereien welche im Zuge von Ausgrabungen in den Goguryeo-Gr\u00e4bern entdeckt wurden. Faktisch wurde aber bis heute nicht erwiesen dass diese Wandmalereien einen Zusammenhang mit Taekwon-Do aufweisen.<\/p>\n<p>F\u00fcr Koreaner war es ab diesem Zeitpunkt verboten irgendwelche Kampfk\u00fcnste auszu\u00fcben &#8211; bis 1943 das Verbot aufgehoben wurde. Nach der Unabh\u00e4ngigkeit Koreas im Jahr 1945 war dann die Stunde einer handvoll Exil-Koreaner gekommen die wieder nach Korea zur\u00fcckkehren konnten. Sie gr\u00fcndeten die 5 urspr\u00fcnglichen koreanischen Kampfschulen:<\/p>\n<p><strong>Lee Won-Kuk<\/strong><br \/>\nlernte\u00a0Shotokan -Karate, unterrichtete dann\u00a0<em>Dangsudo<\/em>in seiner Schule, dem\u00a0<em>Cheongdo-Kwan<\/em><\/p>\n<p><strong>Hwang Ki<\/strong><br \/>\nlernte vermutlich auch Karate, unterrichtete dann\u00a0<em>Dangsudo<\/em>, sp\u00e4ter dann, in Korea,\u00a0<em>Subakdo<\/em><\/p>\n<p><strong>Chun Sang-Sup<\/strong><br \/>\nlernte in Japan Judo und Karate, unterrichtete Judo und Gongsudo<\/p>\n<p><strong>Yoon Byung-In<\/strong><br \/>\nrangh\u00f6chster koreanischer Karateka (Shudokan-Karate), lernte auch Kwon-Bop (Quanfa\/Kung fu)<\/p>\n<p><strong>Ro Byung-Jik<\/strong><br \/>\nShotokan-Karate<\/p>\n<p>&nbsp;<\/p>\n","protected":false},"excerpt":{"rendered":"<p>Taekwon-Do ist eine alte koreanische Kampfkunst. Seine Wurzeln gehen auf die Zeit zur\u00fcck als Korea noch aus drei K\u00f6nigreichen bestand: im Norden\u00a0Goguryeo , im Westen\u00a0Baekje und im S\u00fcdosten\u00a0Silla. In Silla war der Orden der\u00a0Hwarang ans\u00e4ssig. Dieser Orden \u00fcbte sich auch in den kriegerischen K\u00fcnsten &#8211; darunter vermutlich auch\u00a0Subak . Aus Subak entwickelte sich mit der [&hellip;]<\/p>\n","protected":false},"author":2,"featured_media":0,"parent":0,"menu_order":90,"comment_status":"closed","ping_status":"closed","template":"","meta":{"footnotes":""},"_links":{"self":[{"href":"https:\/\/www.taekwondo-kufstein.com\/index.php?rest_route=\/wp\/v2\/pages\/73"}],"collection":[{"href":"https:\/\/www.taekwondo-kufstein.com\/index.php?rest_route=\/wp\/v2\/pages"}],"about":[{"href":"https:\/\/www.taekwondo-kufstein.com\/index.php?rest_route=\/wp\/v2\/types\/page"}],"author":[{"embeddable":true,"href":"https:\/\/www.taekwondo-kufstein.com\/index.php?rest_route=\/wp\/v2\/users\/2"}],"replies":[{"embeddable":true,"href":"https:\/\/www.taekwondo-kufstein.com\/index.php?rest_route=%2Fwp%2Fv2%2Fcomments&post=73"}],"version-history":[{"count":13,"href":"https:\/\/www.taekwondo-kufstein.com\/index.php?rest_route=\/wp\/v2\/pages\/73\/revisions"}],"predecessor-version":[{"id":1279,"href":"https:\/\/www.taekwondo-kufstein.com\/index.php?rest_route=\/wp\/v2\/pages\/73\/revisions\/1279"}],"wp:attachment":[{"href":"https:\/\/www.taekwondo-kufstein.com\/index.php?rest_route=%2Fwp%2Fv2%2Fmedia&parent=73"}],"curies":[{"name":"wp","href":"https:\/\/api.w.org\/{rel}","templated":true}]}}