{"id":76,"date":"2011-04-16T16:43:31","date_gmt":"2011-04-16T16:43:31","guid":{"rendered":"http:\/\/www.taekwondo-kufstein.com\/wp\/?page_id=76"},"modified":"2015-11-17T12:04:10","modified_gmt":"2015-11-17T12:04:10","slug":"trainingszeiten","status":"publish","type":"page","link":"https:\/\/www.taekwondo-kufstein.com\/?page_id=76","title":{"rendered":"Trainingszeiten &#038; Kontakt"},"content":{"rendered":"<h1>Unsere Trainingshallen:<\/h1>\n<p><a href=\"https:\/\/www.taekwondo-kufstein.com\/?attachment_id=636\" rel=\"attachment wp-att-636\"><img decoding=\"async\" loading=\"lazy\" class=\"alignright size-full wp-image-636\" title=\"Trainingshalle bei der HS Kufstein\" src=\"https:\/\/www.taekwondo-kufstein.com\/wp-content\/uploads\/trainingshalle.jpg\" alt=\"HS Kufstein, Trainingshallen (Parterre - Mehrzweckhalle, 1. Stock - kleine Halle)\" width=\"448\" height=\"244\" \/><\/a><\/p>\n<h1>Dienstag<\/h1>\n<p><em><strong>Kinder &amp; Jugendliche<\/strong><\/em><br \/>\nMehrzweckhalle der M\u00e4dchen-HS Kufstein, 19:00 bis 20:00 Uhr<\/p>\n<p><em><strong>Erwachsene<\/strong><\/em><br \/>\nMehrzweckhalle der M\u00e4dchen-HS Kufstein, 19:00 bis 21:00 Uhr<\/p>\n<h1>Donnerstag<\/h1>\n<p><em><strong>Kinder &amp; Jugendliche<\/strong><\/em><br \/>\nMehrzweckhalle der M\u00e4dchen-HS Kufstein, 18:30 bis 19:30 Uhr<\/p>\n<p><em><strong>Erwachsene<\/strong><\/em><br \/>\nGrosse Halle (1. Stock) der M\u00e4dchen-HS Kufstein, 19:30 bis 21:00 Uhr<\/p>\n<p>&nbsp;<\/p>\n<p>&nbsp;<\/p>\n<h3>Wie bekomme ich mehr Infos?<\/h3>\n<p><a href=\"mailto:%69%6E%66%6F%40%74%61%65%6B%77%6F%6E%64%6F%2D%6B%75%66%73%74%65%69%6E%2E%63%6F%6D\">Info anfordern&#8230;<\/a><br \/>\n<a href=\"https:\/\/www.taekwondo-kufstein.com\/?attachment_id=1243\" rel=\"attachment wp-att-202\"><img decoding=\"async\" loading=\"lazy\" class=\" wp-image-1243 size-thumbnail alignright\" title=\"qr_code\" src=\"https:\/\/www.taekwondo-kufstein.com\/wp-content\/uploads\/static_qr_code_without_logo-150x150.png\" alt=\"\" width=\"150\" height=\"150\" srcset=\"https:\/\/www.taekwondo-kufstein.com\/wp-content\/uploads\/static_qr_code_without_logo-150x150.png 150w, https:\/\/www.taekwondo-kufstein.com\/wp-content\/uploads\/static_qr_code_without_logo-300x300.png 300w, https:\/\/www.taekwondo-kufstein.com\/wp-content\/uploads\/static_qr_code_without_logo-144x144.png 144w, https:\/\/www.taekwondo-kufstein.com\/wp-content\/uploads\/static_qr_code_without_logo-50x50.png 50w, https:\/\/www.taekwondo-kufstein.com\/wp-content\/uploads\/static_qr_code_without_logo.png 690w\" sizes=\"(max-width: 150px) 100vw, 150px\" \/><\/a><\/p>\n<h5>Kontakt<\/h5>\n<p>Anton SEISSL<br \/>\nHochwachtstrasse 13\/1<br \/>\n6330 Kufstein \/ Austria<\/p>\n<p>+43 &#8211; 676 512 20 55 &#8211; Seissl Anton \/ Obmann<\/p>\n","protected":false},"excerpt":{"rendered":"<p>Unsere Trainingshallen: Dienstag Kinder &amp; Jugendliche Mehrzweckhalle der M\u00e4dchen-HS Kufstein, 19:00 bis 20:00 Uhr Erwachsene Mehrzweckhalle der M\u00e4dchen-HS Kufstein, 19:00 bis 21:00 Uhr Donnerstag Kinder &amp; Jugendliche Mehrzweckhalle der M\u00e4dchen-HS Kufstein, 18:30 bis 19:30 Uhr Erwachsene Grosse Halle (1. Stock) der M\u00e4dchen-HS Kufstein, 19:30 bis 21:00 Uhr &nbsp; &nbsp; Wie bekomme ich mehr Infos? Info [&hellip;]<\/p>\n","protected":false},"author":2,"featured_media":0,"parent":0,"menu_order":80,"comment_status":"closed","ping_status":"closed","template":"","meta":{"footnotes":""},"_links":{"self":[{"href":"https:\/\/www.taekwondo-kufstein.com\/index.php?rest_route=\/wp\/v2\/pages\/76"}],"collection":[{"href":"https:\/\/www.taekwondo-kufstein.com\/index.php?rest_route=\/wp\/v2\/pages"}],"about":[{"href":"https:\/\/www.taekwondo-kufstein.com\/index.php?rest_route=\/wp\/v2\/types\/page"}],"author":[{"embeddable":true,"href":"https:\/\/www.taekwondo-kufstein.com\/index.php?rest_route=\/wp\/v2\/users\/2"}],"replies":[{"embeddable":true,"href":"https:\/\/www.taekwondo-kufstein.com\/index.php?rest_route=%2Fwp%2Fv2%2Fcomments&post=76"}],"version-history":[{"count":14,"href":"https:\/\/www.taekwondo-kufstein.com\/index.php?rest_route=\/wp\/v2\/pages\/76\/revisions"}],"predecessor-version":[{"id":1244,"href":"https:\/\/www.taekwondo-kufstein.com\/index.php?rest_route=\/wp\/v2\/pages\/76\/revisions\/1244"}],"wp:attachment":[{"href":"https:\/\/www.taekwondo-kufstein.com\/index.php?rest_route=%2Fwp%2Fv2%2Fmedia&parent=76"}],"curies":[{"name":"wp","href":"https:\/\/api.w.org\/{rel}","templated":true}]}}